{"id":20,"date":"2019-07-14T14:16:12","date_gmt":"2019-07-14T14:16:12","guid":{"rendered":"http:\/\/wordpress.butterer-duczek.de\/?page_id=20"},"modified":"2020-06-02T16:14:03","modified_gmt":"2020-06-02T16:14:03","slug":"leistungen","status":"publish","type":"page","link":"https:\/\/www.butterer-duczek.de\/?page_id=20","title":{"rendered":"Leistungen"},"content":{"rendered":"\n<p>Der Schwerpunkt der Praxis ist haus\u00e4rztlich-internistisch. Folgende diagnostische Ma\u00dfnahmen und Behandlungen werden durchgef\u00fchrt :<\/p>\n\n\n\n<h3 class=\"wp-block-heading\">Nicht technische Leistungen<\/h3>\n\n\n\n<ol class=\"wp-block-list\"><li>Erst-Diagnostik, Untersuchung und Therapie aller Erkrankungen bei allen Patienten ohne Altersbegrenzung<\/li><li>Jugendschutzuntersuchung U7 + U14<\/li><li>Gesundheitsuntersuchung, Ganzk\u00f6rperuntersuchung (einschl. Prostata)<\/li><li>DMP-Untersuchungen: Diabetes mellitus, KHK, Asthma<\/li><li>Hausbesuche<\/li><li>Hom\u00f6opathie<\/li><li>Akupunktur (als Selbstzahler Leistung)<\/li><li>Aku-Injektionen<\/li><li>Wundversorgung<\/li><li>Einleitung, Koordination und Beratung bei fach\u00e4rztlicher Diagnostik und Behandlung sowie station\u00e4ren Therapien<\/li><li>Geriatrisches Assessement inklusive Leistungsdiagnostik \/ -testung<\/li><\/ol>\n\n\n\n<h3 class=\"wp-block-heading\">Technische Leistungen<\/h3>\n\n\n\n<ol class=\"wp-block-list\"><li>EKG<\/li><li>Langzeit-EKG-Messung 24 Std.<\/li><li>Langezeit-Blutdruck-Messung 24 Std.<\/li><li>art. Doppler-Untersuchung der Beine<\/li><li>Lungenfunktionspr\u00fcfung<\/li><li>Oberbauch-Sonogramm<\/li><li>Ohrsp\u00fclungen<\/li><li>Impfungen<\/li><li>Injektionen s.c., i.m. i.v. und Punktionen<\/li><li>Infusionsbehandlung ( Borreliose, H\u00f6rsturz etc.)<\/li><li>Aderlass<\/li><li>Eigenblutbehandlung<\/li><li>Hom\u00f6opatische Eigenblutbehandlung<\/li><li>Fremdlabor<ol><li>Blutentnahme f\u00fcr Fremdlabor<\/li><li>Stuhluntersuchung<\/li><li>Abstriche (Wunden, Rachen etc.), Urin-Untersuchungen<\/li><\/ol><\/li><li>Eigenes Labor<ol><li>BKS (Blutk\u00f6rperchensenkungsgeschwindigkeit)<\/li><li>H\u00e4moglobin (Blutfarbstoff)<\/li><li>Erythrozyten (rote Blutk\u00f6rperchen)<\/li><li>Leukozyten (wei\u00dfe Blutk\u00f6rperchen)<\/li><li>Thrombozyten (Blutpl\u00e4ttchen)<\/li><li>Urinsediment (mikroskopische Urin-Untersuchung)<\/li><li>Urin-Teststreifen<\/li><li>Blutzuckermessung<\/li><\/ol><\/li><\/ol>\n","protected":false},"excerpt":{"rendered":"<p>Der Schwerpunkt der Praxis ist haus\u00e4rztlich-internistisch. Folgende diagnostische Ma\u00dfnahmen und Behandlungen werden durchgef\u00fchrt : Nicht technische Leistungen Erst-Diagnostik, Untersuchung und Therapie aller Erkrankungen bei allen Patienten ohne Altersbegrenzung Jugendschutzuntersuchung U7 + U14 Gesundheitsuntersuchung, Ganzk\u00f6rperuntersuchung (einschl. Prostata) DMP-Untersuchungen: Diabetes mellitus, KHK, Asthma Hausbesuche Hom\u00f6opathie Akupunktur (als Selbstzahler Leistung) Aku-Injektionen Wundversorgung Einleitung, Koordination und Beratung bei fach\u00e4rztlicher &hellip; <\/p>\n<p class=\"link-more\"><a href=\"https:\/\/www.butterer-duczek.de\/?page_id=20\" class=\"more-link\"><span class=\"screen-reader-text\">\u201eLeistungen\u201c<\/span> weiterlesen<\/a><\/p>\n","protected":false},"author":3,"featured_media":0,"parent":0,"menu_order":0,"comment_status":"closed","ping_status":"closed","template":"","meta":{"footnotes":""},"class_list":["post-20","page","type-page","status-publish","hentry"],"_links":{"self":[{"href":"https:\/\/www.butterer-duczek.de\/index.php?rest_route=\/wp\/v2\/pages\/20"}],"collection":[{"href":"https:\/\/www.butterer-duczek.de\/index.php?rest_route=\/wp\/v2\/pages"}],"about":[{"href":"https:\/\/www.butterer-duczek.de\/index.php?rest_route=\/wp\/v2\/types\/page"}],"author":[{"embeddable":true,"href":"https:\/\/www.butterer-duczek.de\/index.php?rest_route=\/wp\/v2\/users\/3"}],"replies":[{"embeddable":true,"href":"https:\/\/www.butterer-duczek.de\/index.php?rest_route=%2Fwp%2Fv2%2Fcomments&post=20"}],"version-history":[{"count":4,"href":"https:\/\/www.butterer-duczek.de\/index.php?rest_route=\/wp\/v2\/pages\/20\/revisions"}],"predecessor-version":[{"id":182,"href":"https:\/\/www.butterer-duczek.de\/index.php?rest_route=\/wp\/v2\/pages\/20\/revisions\/182"}],"wp:attachment":[{"href":"https:\/\/www.butterer-duczek.de\/index.php?rest_route=%2Fwp%2Fv2%2Fmedia&parent=20"}],"curies":[{"name":"wp","href":"https:\/\/api.w.org\/{rel}","templated":true}]}}