{"id":27,"date":"2019-07-20T09:16:15","date_gmt":"2019-07-20T09:16:15","guid":{"rendered":"http:\/\/wordpress.butterer-duczek.de\/?page_id=27"},"modified":"2025-12-30T15:22:35","modified_gmt":"2025-12-30T15:22:35","slug":"praxisablauf","status":"publish","type":"page","link":"https:\/\/www.butterer-duczek.de\/?page_id=27","title":{"rendered":"Praxisablauf"},"content":{"rendered":"\n<h4 class=\"wp-block-heading\">Behandlungsgrunds\u00e4tze<\/h4>\n\n\n\n<ol class=\"wp-block-list\">\n<li>Eine kassen\u00e4rztliche Behandlung oder Leistung (auch telefonisch) wird nur erbracht nach Vorlage der Versicherungskarte (VK).\u00a0<strong>[vgl.Sozialgerichtsurteil AZ.: 21 BG 1565 \/ 05 ]<\/strong><\/li>\n\n\n\n<li>Bei Fehlen der VK kann eine Pfandgeb\u00fchr von 30 Euro entrichtet werden, die nach Vorlage der VK im laufenden Quartal zur\u00fcckerstattet wird. Nach Ablauf des Quartals verf\u00e4llt die Pfandgeb\u00fchr, da auch die \u00c4rztliche Leistung gegen\u00fcber der Krankenkasse nicht mehr berechnet werden kann.<\/li>\n\n\n\n<li>Nur in lebensbedrohlichen Notf\u00e4llen ist eine Behandlung auch ohne VK m\u00f6glich.<\/li>\n<\/ol>\n\n\n\n<h4 class=\"wp-block-heading\">\u00d6ffnungszeiten<\/h4>\n\n\n\n<div class=\"wp-block-columns is-layout-flex wp-container-core-columns-is-layout-1 wp-block-columns-is-layout-flex\">\n<div class=\"wp-block-column is-layout-flow wp-block-column-is-layout-flow\">\n<h2 class=\"wp-block-heading\">Praxis\u00f6ffnungszeiten<\/h2>\n\n\n\n<table class=\"wp-block-table\"><tbody><tr><td>Montag<\/td><td>08:00 &#8211; 13:00 Uhr<\/td><\/tr><tr><td>Dienstag<\/td><td>15:00 &#8211; 19:00 Uhr<\/td><\/tr><tr><td>Mittwoch<\/td><td>08:00 &#8211; 13:00 Uhr<\/td><\/tr><tr><td>Donnerstag<\/td><td>15:00 &#8211; 19:00 Uhr<\/td><\/tr><tr><td colspan=\"2\">und nach Vereinbarung<\/td><td><\/td><\/tr><\/tbody><\/table>\n<\/div>\n\n\n\n<div class=\"wp-block-column is-layout-flow wp-block-column-is-layout-flow\">\n<h2 class=\"wp-block-heading\">Sprechstunden<\/h2>\n\n\n\n<table class=\"wp-block-table\"><tbody><tr><td>Montag<\/td><td>08:30 &#8211; 11:30 Uhr<\/td><\/tr><tr><td>Dienstag<\/td><td>16:00 &#8211; 18:00 Uhr<\/td><\/tr><tr><td>Mittwoch<\/td><td>08:30 &#8211; 11:30 Uhr<\/td><\/tr><tr><td>Donnerstag<\/td><td>16:00 &#8211; 18:00 Uhr<\/td><\/tr><tr><td colspan=\"2\">Freitag nach Vereinbarung<\/td><td><\/td><\/tr><\/tbody><\/table>\n<\/div>\n<\/div>\n\n\n\n<ol class=\"wp-block-list\">\n<li>Die \u00e4rztliche Behandlung erfolgt nach festen Terminen, die <a href=\"https:\/\/www.butterer-duczek.de\/?page_id=59\">telefonisch<\/a> oder <a href=\"mailto:info@butterer-duczek.de\">per E-Mail<\/a> vereinbart werden k\u00f6nnen.\u00a0<br>Die Termine werden telefonisch vergeben w\u00e4hrend den\u00a0<strong>Praxis\u00f6ffnungszeiten<\/strong><ul><li>Die Sprechstunde unterteilt sich in eine<\/li><\/ul>\n<ul class=\"wp-block-list\">\n<li>Bestellsprechstunde f\u00fcr die ein Termin nach eigener Wahl vereinbart werden kann.<\/li>\n\n\n\n<li>Akutsprechstunde f\u00fcr die ein baldiger Termin entsprechend der Dringlichkeit vergeben wird.<\/li>\n<\/ul>\n<\/li>\n\n\n\n<li>Heilmittelverordnungen (KG, Ergotherapie, Logop\u00e4die etc.) erfolgen nur in pers\u00f6nlichem Arzt-Patienten-Kontakt und ohne weitergehendes Beratungsgespr\u00e4ch. Hierf\u00fcr werden gesondert Termine vergeben.<\/li>\n<\/ol>\n\n\n\n<h4 class=\"wp-block-heading\">Rezepte und Bescheinigungen<\/h4>\n\n\n\n<ol class=\"wp-block-list\">\n<li>Rezepte und \u00dcberweisungen k\u00f6nnen jederzeit (also rund um die Uhr)\u00a0<strong>telefonisch unter 07257 \/ 931225 oder per\u00a0<a href=\"mailto:info@butterer-duczek.de\">E-Mail<\/a><\/strong>\u00a0bestellt werden. Sie werden aber erst nach der Sprechstunde vom Arzt durchgesehen und unterschrieben.\u00a0<br>W\u00e4hrend der laufenden Sprechstunde werden\u00a0<strong>keine<\/strong>\u00a0Rezepte unterschrieben !!\u00a0<br>Nur so kann die fehlerhafte Ausstellung von Rezepten weitgehend ausgeschlossen werden.\u00a0<br>\u00dcberweisungen an Fachkollegen werden umgehend ausgestellt.<\/li>\n\n\n\n<li>\u00c4rztliche Bescheinigungen und Testate werden erst nach vorheriger Bezahlung ausgestellt. Bei gr\u00f6\u00dferem Umfang erh\u00f6ht sich die Geb\u00fchr entsprechend dem Aufwand.\u00a0<br>Befundkopien werden gegen vorherige Kostenerstattung erstellt (50 Cent je Kopie)<\/li>\n<\/ol>\n\n\n\n<h4 class=\"wp-block-heading\">Blutentnahme und Untersuchungen<\/h4>\n\n\n\n<ol class=\"wp-block-list\">\n<li>Blutentnahme\n<ul class=\"wp-block-list\">\n<li>Mo bis Do nach <a href=\"https:\/\/www.butterer-duczek.de\/?page_id=59\">telefonischer Terminvereinbarung<\/a> oder per <a href=\"mailto:info@butterer-duczek.de\">E-Mail<\/a><\/li>\n<\/ul>\n<\/li>\n\n\n\n<li>F\u00fcr Gesundheitsuntersuchungen und technische Untersuchungen (EKG, Lungenfunktion, Ultraschall des Abdomens, Langzeit-EKG, 24Std-Blutdruckmessung, art. Doppler-Untersuchung, etc. ) werden gesondert Termine vereinbart.<\/li>\n\n\n\n<li>L\u00e4ngere Untersuchungen und intensive Beratung erfolgen am Ende der Sprechstunde nach telefonischer Terminvergabe.<\/li>\n<\/ol>\n\n\n\n<h4 class=\"wp-block-heading\">Telefonsprechstunde<\/h4>\n\n\n\n<ol class=\"wp-block-list\">\n<li>Die telefonischen Anfragen zur Abfrage von Befunden etc. ohne intensive Beratung werden von den Praxismitarbeiterinnen entgegen genommen. Es erfolgt durch den Arzt ein R\u00fcckruf nach der Sprechstunde.<\/li>\n\n\n\n<li>W\u00e4hrend der laufenden Sprechstunde ist ein Telefonkontakt nur in dringenden Notf\u00e4llen m\u00f6glich.<\/li>\n\n\n\n<li>Die Mitarbeiterinnen sind nicht berechtigt, \u00fcber medizinische Befunde und Tatbest\u00e4nde Auskunft zu erteilen.<\/li>\n<\/ol>\n\n\n\n<h4 class=\"wp-block-heading\">Allgemeine Grunds\u00e4tze<\/h4>\n\n\n\n<ol class=\"wp-block-list\">\n<li>F\u00fcr ausgeliehene\u00a0<strong>Hilfsmittel<\/strong>\u00a0wie Gehhilfen, Schienen etc. muss eine Pfandgeb\u00fchr von 20\u20ac bis 50\u20ac hinterlegt werden.<\/li>\n\n\n\n<li>Der Patient erh\u00e4lt das Infoblatt an der Anmeldung. Unter\u00a0<a href=\"https:\/\/www.butterer-duczek.de\/?page_id=63\">Patienteninformationen<\/a>\u00a0k\u00f6nnen ebenfalls alle Informationen abgerufen und eingesehen werden. Die Praxis ist \u00fcber verschiedene\u00a0<a href=\"https:\/\/www.butterer-duczek.de\/?page_id=59\">Kontaktm\u00f6glichkeiten<\/a>\u00a0erreichbar.<\/li>\n<\/ol>\n\n\n\n<p><\/p>\n","protected":false},"excerpt":{"rendered":"<p>Behandlungsgrunds\u00e4tze \u00d6ffnungszeiten Praxis\u00f6ffnungszeiten Montag 08:00 &#8211; 13:00 Uhr Dienstag 15:00 &#8211; 19:00 Uhr Mittwoch 08:00 &#8211; 13:00 Uhr Donnerstag 15:00 &#8211; 19:00 Uhr und nach Vereinbarung Sprechstunden Montag 08:30 &#8211; 11:30 Uhr Dienstag 16:00 &#8211; 18:00 Uhr Mittwoch 08:30 &#8211; 11:30 Uhr Donnerstag 16:00 &#8211; 18:00 Uhr Freitag nach Vereinbarung Rezepte und Bescheinigungen Blutentnahme und &hellip; <\/p>\n<p class=\"link-more\"><a href=\"https:\/\/www.butterer-duczek.de\/?page_id=27\" class=\"more-link\"><span class=\"screen-reader-text\">\u201ePraxisablauf\u201c<\/span> weiterlesen<\/a><\/p>\n","protected":false},"author":3,"featured_media":0,"parent":0,"menu_order":0,"comment_status":"closed","ping_status":"closed","template":"","meta":{"footnotes":""},"class_list":["post-27","page","type-page","status-publish","hentry"],"_links":{"self":[{"href":"https:\/\/www.butterer-duczek.de\/index.php?rest_route=\/wp\/v2\/pages\/27"}],"collection":[{"href":"https:\/\/www.butterer-duczek.de\/index.php?rest_route=\/wp\/v2\/pages"}],"about":[{"href":"https:\/\/www.butterer-duczek.de\/index.php?rest_route=\/wp\/v2\/types\/page"}],"author":[{"embeddable":true,"href":"https:\/\/www.butterer-duczek.de\/index.php?rest_route=\/wp\/v2\/users\/3"}],"replies":[{"embeddable":true,"href":"https:\/\/www.butterer-duczek.de\/index.php?rest_route=%2Fwp%2Fv2%2Fcomments&post=27"}],"version-history":[{"count":14,"href":"https:\/\/www.butterer-duczek.de\/index.php?rest_route=\/wp\/v2\/pages\/27\/revisions"}],"predecessor-version":[{"id":301,"href":"https:\/\/www.butterer-duczek.de\/index.php?rest_route=\/wp\/v2\/pages\/27\/revisions\/301"}],"wp:attachment":[{"href":"https:\/\/www.butterer-duczek.de\/index.php?rest_route=%2Fwp%2Fv2%2Fmedia&parent=27"}],"curies":[{"name":"wp","href":"https:\/\/api.w.org\/{rel}","templated":true}]}}