{"id":61,"date":"2019-07-21T06:27:55","date_gmt":"2019-07-21T06:27:55","guid":{"rendered":"http:\/\/wordpress.butterer-duczek.de\/?page_id=61"},"modified":"2019-07-21T06:27:55","modified_gmt":"2019-07-21T06:27:55","slug":"aerzte-und-kliniken","status":"publish","type":"page","link":"https:\/\/www.butterer-duczek.de\/?page_id=61","title":{"rendered":"\u00c4rzte und Kliniken"},"content":{"rendered":"\n<p>Liebe Patienten,<br>Informationen \u00fcber nachfogend aufgef\u00fchrte Fach\u00e4rztegruppen, Fachkliniken und Therapeuten k\u00f6nnen Sie sich jederzeit an der Anmeldung ausdrucken lassen.<\/p>\n\n\n\n<hr class=\"wp-block-separator\"\/>\n\n\n\n<ul class=\"wp-block-list\"><li>Angiologie \/ Phlebologie (Gef\u00e4\u00dfe)<\/li><li>Chirurgie<ul><li>Allgemein- und Unfallchirurgie<\/li><li>Gef\u00e4\u00dfchirurgie<\/li><li>Handchirurgie<\/li><li>Herzchirurgie<\/li><li>Kieferchirugie<\/li><li>Neurochirurgie<\/li><li>Plastische Chirurgie<\/li><\/ul><\/li><li>Dermatologie (Haut)<\/li><li>Diabetologie<\/li><li>Dialyse \/ Nephrologie<\/li><li>Endokrinologie<\/li><li>Gastroenterologie (Magen \/ Darm)<\/li><li>Gelbfieberimpfstelle<\/li><li>Gyn\u00e4kologie (Frauen)<\/li><li>Hals Nasen Ohren<\/li><li>H\u00e4matologie \/ Onkologie (Blut \/ Tumor)<\/li><li>Kardiologie (Herz)<\/li><li>Kieferorthop\u00e4die<\/li><li>Kinder<\/li><li>Lungen<\/li><\/ul>\n\n\n\n<ul class=\"wp-block-list\"><li>Neurologie<\/li><li>Orthop\u00e4die \/ Chirotherapie<\/li><li>Proktologie (Enddarm)<\/li><li>Psychiatrie<\/li><li>Psychotherapie \/ Psychosomatik<ul><li>Kinder- und Jugendtherapeuten<\/li><li>Psychotherapeuten<\/li><li>Psychosomatische Kliniken<\/li><\/ul><\/li><li>Reproduktionsmedizin<\/li><li>Radiologie und Nuklearmedizin<\/li><li>Rheumatologie<\/li><li>Schlaf-Apnoe \/ Schlaflabor<\/li><li>Schmerztherapie<\/li><li>Strahlentherapie<\/li><li>Therapeuten<ul><li>Ergotherapie<\/li><li>Logop\u00e4die<\/li><li>Physiotherapie-Krankengymnastik<\/li><\/ul><\/li><li>Urologie<\/li><\/ul>\n","protected":false},"excerpt":{"rendered":"<p>Liebe Patienten,Informationen \u00fcber nachfogend aufgef\u00fchrte Fach\u00e4rztegruppen, Fachkliniken und Therapeuten k\u00f6nnen Sie sich jederzeit an der Anmeldung ausdrucken lassen. Angiologie \/ Phlebologie (Gef\u00e4\u00dfe) Chirurgie Allgemein- und Unfallchirurgie Gef\u00e4\u00dfchirurgie Handchirurgie Herzchirurgie Kieferchirugie Neurochirurgie Plastische Chirurgie Dermatologie (Haut) Diabetologie Dialyse \/ Nephrologie Endokrinologie Gastroenterologie (Magen \/ Darm) Gelbfieberimpfstelle Gyn\u00e4kologie (Frauen) Hals Nasen Ohren H\u00e4matologie \/ Onkologie (Blut \/ &hellip; <\/p>\n<p class=\"link-more\"><a href=\"https:\/\/www.butterer-duczek.de\/?page_id=61\" class=\"more-link\"><span class=\"screen-reader-text\">\u201e\u00c4rzte und Kliniken\u201c<\/span> weiterlesen<\/a><\/p>\n","protected":false},"author":3,"featured_media":0,"parent":0,"menu_order":0,"comment_status":"closed","ping_status":"closed","template":"","meta":{"footnotes":""},"class_list":["post-61","page","type-page","status-publish","hentry"],"_links":{"self":[{"href":"https:\/\/www.butterer-duczek.de\/index.php?rest_route=\/wp\/v2\/pages\/61"}],"collection":[{"href":"https:\/\/www.butterer-duczek.de\/index.php?rest_route=\/wp\/v2\/pages"}],"about":[{"href":"https:\/\/www.butterer-duczek.de\/index.php?rest_route=\/wp\/v2\/types\/page"}],"author":[{"embeddable":true,"href":"https:\/\/www.butterer-duczek.de\/index.php?rest_route=\/wp\/v2\/users\/3"}],"replies":[{"embeddable":true,"href":"https:\/\/www.butterer-duczek.de\/index.php?rest_route=%2Fwp%2Fv2%2Fcomments&post=61"}],"version-history":[{"count":1,"href":"https:\/\/www.butterer-duczek.de\/index.php?rest_route=\/wp\/v2\/pages\/61\/revisions"}],"predecessor-version":[{"id":62,"href":"https:\/\/www.butterer-duczek.de\/index.php?rest_route=\/wp\/v2\/pages\/61\/revisions\/62"}],"wp:attachment":[{"href":"https:\/\/www.butterer-duczek.de\/index.php?rest_route=%2Fwp%2Fv2%2Fmedia&parent=61"}],"curies":[{"name":"wp","href":"https:\/\/api.w.org\/{rel}","templated":true}]}}