{"id":71,"date":"2019-07-21T06:32:03","date_gmt":"2019-07-21T06:32:03","guid":{"rendered":"http:\/\/wordpress.butterer-duczek.de\/?page_id=71"},"modified":"2025-12-30T13:47:41","modified_gmt":"2025-12-30T13:47:41","slug":"impressum","status":"publish","type":"page","link":"https:\/\/www.butterer-duczek.de\/?page_id=71","title":{"rendered":"Impressum"},"content":{"rendered":"\n<h3 class=\"wp-block-heading\">IMPRESSUM DER PRAXIS DR. BUTTERER<\/h3>\n\n\n\n<h3 class=\"wp-block-heading\">Praxis Dr. Butterer<\/h3>\n\n\n\n<p>Frau Dr. med. Bettina Butterer\u00a0<br><\/p>\n\n\n\n<p>Franz-Liszt-Strasse 4<br>76646 Bruchsal &#8211; Untergrombach<\/p>\n\n\n\n<p>Telefon : 07257 \/ 92345&nbsp;<br>Telefax : 07257 \/ 92343<\/p>\n\n\n\n<p>\u00c4rztekammer: Landes\u00e4rztekammer Baden-W\u00fcrttemberg&nbsp;<br>K\u00f6rperschaft des \u00f6ffentlichen Rechts&nbsp;<br>Jahnstra\u00dfe 40&nbsp;<br>70597 Stuttgart&nbsp;<br>Telefon: 0711 &#8211; 769 89 0&nbsp;<br>Telefax: 0711 &#8211; 769 89 50&nbsp;<br><a href=\"http:\/\/www.aerztekammer-bw.de\/\" target=\"_blank\" rel=\"noreferrer noopener\">Homepage der \u00c4rztekammer Baden-W\u00fcrttemberg<\/a><\/p>\n\n\n\n<p>PFLICHTANGABEN nach \u00a75 TMG (Telemediengesetz) und \u00a755 Abs. 2 RStV<\/p>\n\n\n\n<p>Zust\u00e4ndige Aufsichtsbeh\u00f6rde:&nbsp;<br>Innenministerium Baden-W\u00fcrttemberg&nbsp;<br>Postfach 10 24 43, 70020 Stuttgart&nbsp;<br>Dorotheenstr. 6, 70173 Stuttgart&nbsp;<br>Tel.: 0711\/231 &#8211; 4&nbsp;<br>Fax: 0711\/231 &#8211; 50 00&nbsp;<br><\/p>\n\n\n\n<p>Berufsbezeichnung:\u00a0<br>Fach\u00e4rztin f\u00fcr Allgemeinmedizin<\/p>\n\n\n\n<p>Kassen\u00e4rztliche Vereinigung Nordbaden<\/p>\n\n\n\n<h3 class=\"wp-block-heading\">HAFTUNGSSAUSCHLUSS<\/h3>\n\n\n\n<p>Die Arztpraxis Dr. Butterer stellt diese Web-Seite Ihren Besuchern als Informationsquelle zur Verf\u00fcgung. Die Arztpraxis Dr. Butterer wird, wenn es notwendig ist, ohne vorherige Ank\u00fcndigung jederzeit die Inhalte l\u00f6schen, \u00e4ndern oder erg\u00e4nzen. Es wird versucht, Ihnen jederzeit die aktuellen Informationen zur Verf\u00fcgung zu stellen. Eine Haftung auf die Korrektheit, Qualit\u00e4t, Aktualit\u00e4t und Vollst\u00e4ndigkeit der Informationen und Angaben wird nicht \u00fcbernommen. Dies gilt auch f\u00fcr verlinkte Seiten. Die Arztpraxis \u00fcbernimmt auch keine Haftung f\u00fcr Sch\u00e4den, gleich welcher Art, die im Zusammenhang mit dem Zugriff auf diese Seite entstehen. Hierbei sind sowohl direkte Sch\u00e4den als auch Folgesch\u00e4den mit einbezogen.<\/p>\n\n\n\n<h3 class=\"wp-block-heading\">MARKENNAMEN UND WARENZEICHEN<\/h3>\n\n\n\n<p>Die Nennung von Markennamen oder Warenzeichen erfolgt unter Anerkennung aller Rechte der jeweiligen Rechtsinhaber, auch wenn dies nicht ausdr\u00fccklich gekennzeichnet sein sollte. Etwaige Produktinformationen sind nur f\u00fcr Nutzer in der Bundesrepublik Deutschland bestimmt, auch wenn Nutzer au\u00dferhalb der Bundesrepublik Deutschland Zugriff auf diese Informationen haben.<\/p>\n\n\n\n<h3 class=\"wp-block-heading\">KEINE HAFTUNG F\u00dcR LINKS<\/h3>\n\n\n\n<p>Es wird keine rechtiliche Haftung f\u00fcr die Verweise auf andere Webseiten \u00fcbernommen. Diese Informationen k\u00f6nnen nur f\u00fcr das jeweilige Heimatland oder den Bereich gelten, in dem es genutzt wird. Eine Haftung f\u00fcr eingerichtete G\u00e4steb\u00fccher, Diskussionsforen und Mailing-Listen wird ebenfalls nicht \u00fcbernommen.<\/p>\n\n\n\n<h3 class=\"wp-block-heading\">DATENSCHUTZ<\/h3>\n\n\n\n<p>Die Praxis gibt auf freiwilliger Basis Ihre Informationen \u00fcber Name, Postanschrift, Telefonnummer und andere pers\u00f6nliche Angaben preis. Diese wurden im Rahmen der gesetzlichen Bestimmungen erfasst und gespeichert. Mit diesen Angaben soll eine Inforamtionsgewinnung erleichtert werden. Die bei uns erlangten pers\u00f6nliche Informationen von Zweiten oder Dritten werden nicht weitergeleitet oder offengelegt. Bei Informationen von Ihrer Seite sind Sie f\u00fcr deren Genauigkeit und Richtigkeit verantwortlich<\/p>\n\n\n\n<h3 class=\"wp-block-heading\">COPYRIGHT<\/h3>\n\n\n\n<p>Alle Rechte auf den gesamten Inhalt der Webseite liegen bei Maximilian Butterer und Dr. Bettina Butterer<\/p>\n\n\n\n<p>Maximilian Butterer \/ Bruchsal, Dezember 2025<\/p>\n","protected":false},"excerpt":{"rendered":"<p>IMPRESSUM DER PRAXIS DR. BUTTERER Praxis Dr. Butterer Frau Dr. med. Bettina Butterer\u00a0 Franz-Liszt-Strasse 476646 Bruchsal &#8211; Untergrombach Telefon : 07257 \/ 92345&nbsp;Telefax : 07257 \/ 92343 \u00c4rztekammer: Landes\u00e4rztekammer Baden-W\u00fcrttemberg&nbsp;K\u00f6rperschaft des \u00f6ffentlichen Rechts&nbsp;Jahnstra\u00dfe 40&nbsp;70597 Stuttgart&nbsp;Telefon: 0711 &#8211; 769 89 0&nbsp;Telefax: 0711 &#8211; 769 89 50&nbsp;Homepage der \u00c4rztekammer Baden-W\u00fcrttemberg PFLICHTANGABEN nach \u00a75 TMG (Telemediengesetz) und \u00a755 &hellip; <\/p>\n<p class=\"link-more\"><a href=\"https:\/\/www.butterer-duczek.de\/?page_id=71\" class=\"more-link\"><span class=\"screen-reader-text\">\u201eImpressum\u201c<\/span> weiterlesen<\/a><\/p>\n","protected":false},"author":3,"featured_media":0,"parent":0,"menu_order":0,"comment_status":"closed","ping_status":"closed","template":"","meta":{"footnotes":""},"class_list":["post-71","page","type-page","status-publish","hentry"],"_links":{"self":[{"href":"https:\/\/www.butterer-duczek.de\/index.php?rest_route=\/wp\/v2\/pages\/71"}],"collection":[{"href":"https:\/\/www.butterer-duczek.de\/index.php?rest_route=\/wp\/v2\/pages"}],"about":[{"href":"https:\/\/www.butterer-duczek.de\/index.php?rest_route=\/wp\/v2\/types\/page"}],"author":[{"embeddable":true,"href":"https:\/\/www.butterer-duczek.de\/index.php?rest_route=\/wp\/v2\/users\/3"}],"replies":[{"embeddable":true,"href":"https:\/\/www.butterer-duczek.de\/index.php?rest_route=%2Fwp%2Fv2%2Fcomments&post=71"}],"version-history":[{"count":6,"href":"https:\/\/www.butterer-duczek.de\/index.php?rest_route=\/wp\/v2\/pages\/71\/revisions"}],"predecessor-version":[{"id":300,"href":"https:\/\/www.butterer-duczek.de\/index.php?rest_route=\/wp\/v2\/pages\/71\/revisions\/300"}],"wp:attachment":[{"href":"https:\/\/www.butterer-duczek.de\/index.php?rest_route=%2Fwp%2Fv2%2Fmedia&parent=71"}],"curies":[{"name":"wp","href":"https:\/\/api.w.org\/{rel}","templated":true}]}}